{"id":625,"date":"2026-04-09T11:48:09","date_gmt":"2026-04-09T11:48:09","guid":{"rendered":"https:\/\/josesandin.com\/contact-fr\/"},"modified":"2026-05-06T12:00:03","modified_gmt":"2026-05-06T12:00:03","slug":"contact-fr","status":"publish","type":"page","link":"https:\/\/josesandin.com\/fr\/contact-fr\/","title":{"rendered":"Contact"},"content":{"rendered":"\t\t<div data-elementor-type=\"wp-page\" data-elementor-id=\"625\" class=\"elementor elementor-625 elementor-330\" data-elementor-post-type=\"page\">\n\t\t\t\t<div class=\"elementor-element elementor-element-a8005c5 e-flex e-con-boxed e-con e-parent\" data-id=\"a8005c5\" data-element_type=\"container\" data-e-type=\"container\" data-settings=\"{&quot;background_background&quot;:&quot;classic&quot;}\">\n\t\t\t\t\t<div class=\"e-con-inner\">\n\t\t\t\t<div class=\"elementor-element elementor-element-f05de5d elementor-widget elementor-widget-heading\" data-id=\"f05de5d\" data-element_type=\"widget\" data-e-type=\"widget\" data-widget_type=\"heading.default\">\n\t\t\t\t\t<h2 class=\"elementor-heading-title elementor-size-default\">Contact<\/h2>\t\t\t\t<\/div>\n\t\t\t\t\t<\/div>\n\t\t\t\t<\/div>\n\t\t<div class=\"elementor-element elementor-element-10da0f3 e-flex e-con-boxed e-con e-parent\" data-id=\"10da0f3\" data-element_type=\"container\" data-e-type=\"container\">\n\t\t\t\t\t<div class=\"e-con-inner\">\n\t\t<div class=\"elementor-element elementor-element-fcc333f e-con-full e-flex e-con e-child\" data-id=\"fcc333f\" data-element_type=\"container\" data-e-type=\"container\">\n\t\t\t\t<div class=\"elementor-element elementor-element-1c415ba elementor-widget elementor-widget-heading\" data-id=\"1c415ba\" data-element_type=\"widget\" data-e-type=\"widget\" data-widget_type=\"heading.default\">\n\t\t\t\t\t<h2 class=\"elementor-heading-title elementor-size-default\">Information<\/h2>\t\t\t\t<\/div>\n\t\t<div class=\"elementor-element elementor-element-5cde1f8 e-con-full e-flex e-con e-child\" data-id=\"5cde1f8\" data-element_type=\"container\" data-e-type=\"container\">\n\t\t<div class=\"elementor-element elementor-element-0a0f8dc e-con-full e-flex e-con e-child\" data-id=\"0a0f8dc\" data-element_type=\"container\" data-e-type=\"container\">\n\t\t\t\t<div class=\"elementor-element elementor-element-585b3a8 elementor-view-default elementor-widget elementor-widget-icon\" data-id=\"585b3a8\" data-element_type=\"widget\" data-e-type=\"widget\" data-widget_type=\"icon.default\">\n\t\t\t\t\t\t\t<div class=\"elementor-icon-wrapper\">\n\t\t\t<div class=\"elementor-icon\">\n\t\t\t<svg aria-hidden=\"true\" class=\"e-font-icon-svg e-fas-info-circle\" viewBox=\"0 0 512 512\" xmlns=\"http:\/\/www.w3.org\/2000\/svg\"><path d=\"M256 8C119.043 8 8 119.083 8 256c0 136.997 111.043 248 248 248s248-111.003 248-248C504 119.083 392.957 8 256 8zm0 110c23.196 0 42 18.804 42 42s-18.804 42-42 42-42-18.804-42-42 18.804-42 42-42zm56 254c0 6.627-5.373 12-12 12h-88c-6.627 0-12-5.373-12-12v-24c0-6.627 5.373-12 12-12h12v-64h-12c-6.627 0-12-5.373-12-12v-24c0-6.627 5.373-12 12-12h64c6.627 0 12 5.373 12 12v100h12c6.627 0 12 5.373 12 12v24z\"><\/path><\/svg>\t\t\t<\/div>\n\t\t<\/div>\n\t\t\t\t\t\t<\/div>\n\t\t\t\t<\/div>\n\t\t<div class=\"elementor-element elementor-element-293d845 e-con-full e-flex e-con e-child\" data-id=\"293d845\" data-element_type=\"container\" data-e-type=\"container\">\n\t\t\t\t<div class=\"elementor-element elementor-element-32d8e84 elementor-widget elementor-widget-text-editor\" data-id=\"32d8e84\" data-element_type=\"widget\" data-e-type=\"widget\" data-widget_type=\"text-editor.default\">\n\t\t\t\t\t\t\t\t\t<p>Nous fournissons nos services partout en Espagne et en Europe.<\/p>\t\t\t\t\t\t\t\t<\/div>\n\t\t\t\t<\/div>\n\t\t\t\t<\/div>\n\t\t\t\t\t\n<hr class=\"e-b612a4f-33f8529 e-divider-base\" data-interaction-id=\"b612a4f\"  data-e-type=\"widget\" data-id=\"b612a4f\" \/>\n\t\t\t\t<div class=\"elementor-element elementor-element-953beb9 elementor-widget elementor-widget-heading\" data-id=\"953beb9\" data-element_type=\"widget\" data-e-type=\"widget\" data-widget_type=\"heading.default\">\n\t\t\t\t\t<h2 class=\"elementor-heading-title elementor-size-default\">T\u00e9l\u00e9phone<\/h2>\t\t\t\t<\/div>\n\t\t<div class=\"elementor-element elementor-element-7ee97f6 e-con-full e-flex e-con e-child\" data-id=\"7ee97f6\" data-element_type=\"container\" data-e-type=\"container\">\n\t\t<div class=\"elementor-element elementor-element-f8cd586 e-con-full e-flex e-con e-child\" data-id=\"f8cd586\" data-element_type=\"container\" data-e-type=\"container\">\n\t\t\t\t<div class=\"elementor-element elementor-element-56bd264 elementor-view-default elementor-widget elementor-widget-icon\" data-id=\"56bd264\" data-element_type=\"widget\" data-e-type=\"widget\" data-widget_type=\"icon.default\">\n\t\t\t\t\t\t\t<div class=\"elementor-icon-wrapper\">\n\t\t\t<div class=\"elementor-icon\">\n\t\t\t<svg aria-hidden=\"true\" class=\"e-font-icon-svg e-fas-phone-alt\" viewBox=\"0 0 512 512\" xmlns=\"http:\/\/www.w3.org\/2000\/svg\"><path d=\"M497.39 361.8l-112-48a24 24 0 0 0-28 6.9l-49.6 60.6A370.66 370.66 0 0 1 130.6 204.11l60.6-49.6a23.94 23.94 0 0 0 6.9-28l-48-112A24.16 24.16 0 0 0 122.6.61l-104 24A24 24 0 0 0 0 48c0 256.5 207.9 464 464 464a24 24 0 0 0 23.4-18.6l24-104a24.29 24.29 0 0 0-14.01-27.6z\"><\/path><\/svg>\t\t\t<\/div>\n\t\t<\/div>\n\t\t\t\t\t\t<\/div>\n\t\t\t\t<\/div>\n\t\t<div class=\"elementor-element elementor-element-885b7e5 e-con-full e-flex e-con e-child\" data-id=\"885b7e5\" data-element_type=\"container\" data-e-type=\"container\">\n\t\t\t\t<div class=\"elementor-element elementor-element-8739457 elementor-widget elementor-widget-text-editor\" data-id=\"8739457\" data-element_type=\"widget\" data-e-type=\"widget\" data-widget_type=\"text-editor.default\">\n\t\t\t\t\t\t\t\t\t<p><a href=\"tel:+34608272338\">+34 608 272 338<\/a><\/p>\t\t\t\t\t\t\t\t<\/div>\n\t\t\t\t<\/div>\n\t\t\t\t<\/div>\n\t\t\t\t\t\n<hr class=\"e-17d5e4d-bdc32cf e-divider-base\" data-interaction-id=\"17d5e4d\"  data-e-type=\"widget\" data-id=\"17d5e4d\" \/>\n\t\t\t\t<div class=\"elementor-element elementor-element-847aee0 elementor-widget elementor-widget-heading\" data-id=\"847aee0\" data-element_type=\"widget\" data-e-type=\"widget\" data-widget_type=\"heading.default\">\n\t\t\t\t\t<h2 class=\"elementor-heading-title elementor-size-default\">Email<\/h2>\t\t\t\t<\/div>\n\t\t<div class=\"elementor-element elementor-element-ad42d19 e-con-full e-flex e-con e-child\" data-id=\"ad42d19\" data-element_type=\"container\" data-e-type=\"container\">\n\t\t<div class=\"elementor-element elementor-element-20f8191 e-con-full e-flex e-con e-child\" data-id=\"20f8191\" data-element_type=\"container\" data-e-type=\"container\">\n\t\t\t\t<div class=\"elementor-element elementor-element-9dd516d elementor-view-default elementor-widget elementor-widget-icon\" data-id=\"9dd516d\" data-element_type=\"widget\" data-e-type=\"widget\" data-widget_type=\"icon.default\">\n\t\t\t\t\t\t\t<div class=\"elementor-icon-wrapper\">\n\t\t\t<div class=\"elementor-icon\">\n\t\t\t<svg aria-hidden=\"true\" class=\"e-font-icon-svg e-fas-envelope\" viewBox=\"0 0 512 512\" xmlns=\"http:\/\/www.w3.org\/2000\/svg\"><path d=\"M502.3 190.8c3.9-3.1 9.7-.2 9.7 4.7V400c0 26.5-21.5 48-48 48H48c-26.5 0-48-21.5-48-48V195.6c0-5 5.7-7.8 9.7-4.7 22.4 17.4 52.1 39.5 154.1 113.6 21.1 15.4 56.7 47.8 92.2 47.6 35.7.3 72-32.8 92.3-47.6 102-74.1 131.6-96.3 154-113.7zM256 320c23.2.4 56.6-29.2 73.4-41.4 132.7-96.3 142.8-104.7 173.4-128.7 5.8-4.5 9.2-11.5 9.2-18.9v-19c0-26.5-21.5-48-48-48H48C21.5 64 0 85.5 0 112v19c0 7.4 3.4 14.3 9.2 18.9 30.6 23.9 40.7 32.4 173.4 128.7 16.8 12.2 50.2 41.8 73.4 41.4z\"><\/path><\/svg>\t\t\t<\/div>\n\t\t<\/div>\n\t\t\t\t\t\t<\/div>\n\t\t\t\t<\/div>\n\t\t<div class=\"elementor-element elementor-element-86710e6 e-con-full e-flex e-con e-child\" data-id=\"86710e6\" data-element_type=\"container\" data-e-type=\"container\">\n\t\t\t\t<div class=\"elementor-element elementor-element-17d4e5a elementor-widget elementor-widget-text-editor\" data-id=\"17d4e5a\" data-element_type=\"widget\" data-e-type=\"widget\" data-widget_type=\"text-editor.default\">\n\t\t\t\t\t\t\t\t\t<p><a href=\"mailto:info@josesandin.com\">info@josesandin.com<\/a><\/p>\t\t\t\t\t\t\t\t<\/div>\n\t\t\t\t<\/div>\n\t\t\t\t<\/div>\n\t\t\t\t<\/div>\n\t\t<div class=\"elementor-element elementor-element-9c0a569 e-con-full e-flex e-con e-child\" data-id=\"9c0a569\" data-element_type=\"container\" data-e-type=\"container\">\n\t\t\t\t<div class=\"elementor-element elementor-element-c0400e8 elementor-widget elementor-widget-heading\" data-id=\"c0400e8\" data-element_type=\"widget\" data-e-type=\"widget\" data-widget_type=\"heading.default\">\n\t\t\t\t\t<h2 class=\"elementor-heading-title elementor-size-default\">Contact<\/h2>\t\t\t\t<\/div>\n\t\t\t\t<div class=\"elementor-element elementor-element-275a445 elementor-widget elementor-widget-wpforms\" data-id=\"275a445\" data-element_type=\"widget\" data-e-type=\"widget\" data-widget_type=\"wpforms.default\">\n\t\t\t\t<div class=\"elementor-widget-container\">\n\t\t\t\t\t<div class=\"wpforms-container wpforms-container-full wpforms-render-modern\" id=\"wpforms-344\"><form id=\"wpforms-form-344\" class=\"wpforms-validate wpforms-form wpforms-ajax-form\" data-formid=\"344\" method=\"post\" enctype=\"multipart\/form-data\" action=\"\/fr\/wp-json\/wp\/v2\/pages\/625\" data-token=\"7fd9ea5f1d373cda800c9d92a353ad42\" data-token-time=\"1778854313\"><noscript class=\"wpforms-error-noscript\">Veuillez activer JavaScript dans votre navigateur pour remplir ce formulaire.<\/noscript><div id=\"wpforms-error-noscript\" style=\"display: none;\">Veuillez activer JavaScript dans votre navigateur pour remplir ce formulaire.<\/div><div class=\"wpforms-field-container\"><div id=\"wpforms-344-field_1-container\" class=\"wpforms-field wpforms-field-text\" data-field-id=\"1\"><label class=\"wpforms-field-label wpforms-label-hide\" for=\"wpforms-344-field_1\" aria-hidden=\"false\">Pr\u00e9nom, nom et entreprise <span class=\"wpforms-required-label\" aria-hidden=\"true\">*<\/span><\/label><input type=\"text\" id=\"wpforms-344-field_1\" class=\"wpforms-field-large wpforms-field-required\" name=\"wpforms[fields][1]\" placeholder=\"Pr\u00e9nom, nom et entreprise\" aria-errormessage=\"wpforms-344-field_1-error\" required><\/div><div id=\"wpforms-344-field_2-container\" class=\"wpforms-field wpforms-field-email\" data-field-id=\"2\"><label class=\"wpforms-field-label wpforms-label-hide\" for=\"wpforms-344-field_2\" aria-hidden=\"false\">Email <span class=\"wpforms-required-label\" aria-hidden=\"true\">*<\/span><\/label><input type=\"email\" id=\"wpforms-344-field_2\" class=\"wpforms-field-large wpforms-field-required\" name=\"wpforms[fields][2]\" placeholder=\"Email\" spellcheck=\"false\" aria-errormessage=\"wpforms-344-field_2-error\" required><\/div>\t\t<div id=\"wpforms-344-field_4-container\"\n\t\t\tclass=\"wpforms-field wpforms-field-text\"\n\t\t\tdata-field-type=\"text\"\n\t\t\tdata-field-id=\"4\"\n\t\t\t>\n\t\t\t<label class=\"wpforms-field-label\" for=\"wpforms-344-field_4\" >et Votre Pr\u00e9nom,<\/label>\n\t\t\t<input type=\"text\" id=\"wpforms-344-field_4\" class=\"wpforms-field-medium\" name=\"wpforms[fields][4]\" >\n\t\t<\/div>\n\t\t<div id=\"wpforms-344-field_3-container\" class=\"wpforms-field wpforms-field-textarea\" data-field-id=\"3\"><label class=\"wpforms-field-label wpforms-label-hide\" for=\"wpforms-344-field_3\" aria-hidden=\"false\">Votre message <span class=\"wpforms-required-label\" aria-hidden=\"true\">*<\/span><\/label><textarea id=\"wpforms-344-field_3\" class=\"wpforms-field-medium wpforms-field-required\" name=\"wpforms[fields][3]\" placeholder=\"Votre message\" aria-errormessage=\"wpforms-344-field_3-error\" required><\/textarea><\/div><script>\n\t\t\t\t( function() {\n\t\t\t\t\tconst style = document.createElement( 'style' );\n\t\t\t\t\tstyle.appendChild( document.createTextNode( '#wpforms-344-field_4-container { position: absolute !important; overflow: hidden !important; display: inline !important; height: 1px !important; width: 1px !important; z-index: -1000 !important; padding: 0 !important; } #wpforms-344-field_4-container input { visibility: hidden; } #wpforms-conversational-form-page #wpforms-344-field_4-container label { counter-increment: none; }' ) );\n\t\t\t\t\tdocument.head.appendChild( style );\n\t\t\t\t\tdocument.currentScript?.remove();\n\t\t\t\t} )();\n\t\t\t<\/script><\/div><!-- .wpforms-field-container --><div class=\"wpforms-submit-container\" ><input type=\"hidden\" name=\"wpforms[id]\" value=\"344\"><input type=\"hidden\" name=\"page_title\" value=\"\"><input type=\"hidden\" name=\"page_url\" value=\"https:\/\/josesandin.com\/fr\/wp-json\/wp\/v2\/pages\/625\"><input type=\"hidden\" name=\"url_referer\" value=\"\"><button type=\"submit\" name=\"wpforms[submit]\" id=\"wpforms-submit-344\" class=\"wpforms-submit\" data-alt-text=\"Envoi en cours...\" data-submit-text=\"Envoyer\" aria-live=\"assertive\" value=\"wpforms-submit\">Envoyer<\/button><img decoding=\"async\" src=\"https:\/\/josesandin.com\/wp-content\/plugins\/wpforms-lite\/assets\/images\/submit-spin.svg\" class=\"wpforms-submit-spinner\" style=\"display: none;\" width=\"26\" height=\"26\" alt=\"Chargement en cours\"><\/div><\/form><\/div>  <!-- .wpforms-container -->\t\t\t\t<\/div>\n\t\t\t\t<\/div>\n\t\t\t\t<\/div>\n\t\t\t\t\t<\/div>\n\t\t\t\t<\/div>\n\t\t\t\t<\/div>\n\t\t","protected":false},"excerpt":{"rendered":"<p>Information Nous fournissons nos services partout en Espagne et en Europe. T\u00e9l\u00e9phone +34 608 272 338 Email info@josesandin.com Contact Por favor, activa JavaScript en tu navegador para completar este formulario.Por favor, activa JavaScript en tu navegador para completar este formulario.Nombre, apellido y empresa *Email *Su mensaje * Enviar<\/p>\n","protected":false},"author":1,"featured_media":0,"parent":0,"menu_order":0,"comment_status":"closed","ping_status":"closed","template":"","meta":{"_acf_changed":false,"footnotes":""},"class_list":["post-625","page","type-page","status-publish","hentry"],"acf":[],"yoast_head":"<!-- This site is optimized with the Yoast SEO plugin v27.6 - https:\/\/yoast.com\/product\/yoast-seo-wordpress\/ -->\n<title>Entreprise d&#039;interpr\u00e9tariat simultan\u00e9 \u00e0 madrid - Ev\u00e8nementiel et r\u00e9unions<\/title>\n<meta name=\"description\" content=\"Entreprise d&#039;interpr\u00e9tariat simultan\u00e9 \u00e0 Madrid. Nous sommes interpr\u00e8tes et nous proposons un service complet: interpr\u00e8tes, cabines, et plus.\" \/>\n<meta name=\"robots\" content=\"index, follow, max-snippet:-1, max-image-preview:large, max-video-preview:-1\" \/>\n<link rel=\"canonical\" href=\"https:\/\/josesandin.com\/fr\/contact-fr\/\" \/>\n<meta property=\"og:locale\" content=\"fr_FR\" \/>\n<meta property=\"og:type\" content=\"article\" \/>\n<meta property=\"og:title\" content=\"Entreprise d&#039;interpr\u00e9tariat simultan\u00e9 \u00e0 madrid - Ev\u00e8nementiel et r\u00e9unions\" \/>\n<meta property=\"og:description\" content=\"Entreprise d&#039;interpr\u00e9tariat simultan\u00e9 \u00e0 Madrid. Nous sommes interpr\u00e8tes et nous proposons un service complet: interpr\u00e8tes, cabines, et plus.\" \/>\n<meta property=\"og:url\" content=\"https:\/\/josesandin.com\/fr\/contact-fr\/\" \/>\n<meta property=\"og:site_name\" content=\"Empresa de Traducci\u00f3n Simult\u00e1nea en Madrid - Traductores simult\u00e1neos profesionales.\" \/>\n<meta property=\"article:modified_time\" content=\"2026-05-06T12:00:03+00:00\" \/>\n<meta property=\"og:image\" content=\"https:\/\/josesandin.com\/wp-content\/plugins\/wpforms-lite\/assets\/images\/submit-spin.svg\" \/>\n<meta name=\"twitter:card\" content=\"summary_large_image\" \/>\n<meta name=\"twitter:label1\" content=\"Dur\u00e9e de lecture estim\u00e9e\" \/>\n\t<meta name=\"twitter:data1\" content=\"1 minute\" \/>\n<script type=\"application\/ld+json\" class=\"yoast-schema-graph\">{\"@context\":\"https:\\\/\\\/schema.org\",\"@graph\":[{\"@type\":\"WebPage\",\"@id\":\"https:\\\/\\\/josesandin.com\\\/fr\\\/contact-fr\\\/\",\"url\":\"https:\\\/\\\/josesandin.com\\\/fr\\\/contact-fr\\\/\",\"name\":\"Entreprise d'interpr\u00e9tariat simultan\u00e9 \u00e0 madrid - Ev\u00e8nementiel et r\u00e9unions\",\"isPartOf\":{\"@id\":\"https:\\\/\\\/josesandin.com\\\/fr\\\/#website\"},\"primaryImageOfPage\":{\"@id\":\"https:\\\/\\\/josesandin.com\\\/fr\\\/contact-fr\\\/#primaryimage\"},\"image\":{\"@id\":\"https:\\\/\\\/josesandin.com\\\/fr\\\/contact-fr\\\/#primaryimage\"},\"thumbnailUrl\":\"https:\\\/\\\/josesandin.com\\\/wp-content\\\/plugins\\\/wpforms-lite\\\/assets\\\/images\\\/submit-spin.svg\",\"datePublished\":\"2026-04-09T11:48:09+00:00\",\"dateModified\":\"2026-05-06T12:00:03+00:00\",\"description\":\"Entreprise d'interpr\u00e9tariat simultan\u00e9 \u00e0 Madrid. Nous sommes interpr\u00e8tes et nous proposons un service complet: interpr\u00e8tes, cabines, et plus.\",\"breadcrumb\":{\"@id\":\"https:\\\/\\\/josesandin.com\\\/fr\\\/contact-fr\\\/#breadcrumb\"},\"inLanguage\":\"fr-FR\",\"potentialAction\":[{\"@type\":\"ReadAction\",\"target\":[\"https:\\\/\\\/josesandin.com\\\/fr\\\/contact-fr\\\/\"]}]},{\"@type\":\"ImageObject\",\"inLanguage\":\"fr-FR\",\"@id\":\"https:\\\/\\\/josesandin.com\\\/fr\\\/contact-fr\\\/#primaryimage\",\"url\":\"https:\\\/\\\/josesandin.com\\\/wp-content\\\/plugins\\\/wpforms-lite\\\/assets\\\/images\\\/submit-spin.svg\",\"contentUrl\":\"https:\\\/\\\/josesandin.com\\\/wp-content\\\/plugins\\\/wpforms-lite\\\/assets\\\/images\\\/submit-spin.svg\"},{\"@type\":\"BreadcrumbList\",\"@id\":\"https:\\\/\\\/josesandin.com\\\/fr\\\/contact-fr\\\/#breadcrumb\",\"itemListElement\":[{\"@type\":\"ListItem\",\"position\":1,\"name\":\"Portada\",\"item\":\"https:\\\/\\\/josesandin.com\\\/fr\\\/\"},{\"@type\":\"ListItem\",\"position\":2,\"name\":\"Contact\"}]},{\"@type\":\"WebSite\",\"@id\":\"https:\\\/\\\/josesandin.com\\\/fr\\\/#website\",\"url\":\"https:\\\/\\\/josesandin.com\\\/fr\\\/\",\"name\":\"Empresa de Traducci\u00f3n Simult\u00e1nea en Madrid - Traductores simult\u00e1neos profesionales.\",\"description\":\"Especializados en traducci\u00f3n simult\u00e1nea en Madrid - Servicio profesional y de calidad, directamente con int\u00e9rpretes, y para todo tipo de eventos. Int\u00e9rpretes simult\u00e1neos de franc\u00e9s, de ingl\u00e9s, y m\u00e1s.\",\"potentialAction\":[{\"@type\":\"SearchAction\",\"target\":{\"@type\":\"EntryPoint\",\"urlTemplate\":\"https:\\\/\\\/josesandin.com\\\/fr\\\/?s={search_term_string}\"},\"query-input\":{\"@type\":\"PropertyValueSpecification\",\"valueRequired\":true,\"valueName\":\"search_term_string\"}}],\"inLanguage\":\"fr-FR\"}]}<\/script>\n<!-- \/ Yoast SEO plugin. -->","yoast_head_json":{"title":"Entreprise d'interpr\u00e9tariat simultan\u00e9 \u00e0 madrid - Ev\u00e8nementiel et r\u00e9unions","description":"Entreprise d'interpr\u00e9tariat simultan\u00e9 \u00e0 Madrid. Nous sommes interpr\u00e8tes et nous proposons un service complet: interpr\u00e8tes, cabines, et plus.","robots":{"index":"index","follow":"follow","max-snippet":"max-snippet:-1","max-image-preview":"max-image-preview:large","max-video-preview":"max-video-preview:-1"},"canonical":"https:\/\/josesandin.com\/fr\/contact-fr\/","og_locale":"fr_FR","og_type":"article","og_title":"Entreprise d'interpr\u00e9tariat simultan\u00e9 \u00e0 madrid - Ev\u00e8nementiel et r\u00e9unions","og_description":"Entreprise d'interpr\u00e9tariat simultan\u00e9 \u00e0 Madrid. Nous sommes interpr\u00e8tes et nous proposons un service complet: interpr\u00e8tes, cabines, et plus.","og_url":"https:\/\/josesandin.com\/fr\/contact-fr\/","og_site_name":"Empresa de Traducci\u00f3n Simult\u00e1nea en Madrid - Traductores simult\u00e1neos profesionales.","article_modified_time":"2026-05-06T12:00:03+00:00","og_image":[{"url":"https:\/\/josesandin.com\/wp-content\/plugins\/wpforms-lite\/assets\/images\/submit-spin.svg","type":"","width":"","height":""}],"twitter_card":"summary_large_image","twitter_misc":{"Dur\u00e9e de lecture estim\u00e9e":"1 minute"},"schema":{"@context":"https:\/\/schema.org","@graph":[{"@type":"WebPage","@id":"https:\/\/josesandin.com\/fr\/contact-fr\/","url":"https:\/\/josesandin.com\/fr\/contact-fr\/","name":"Entreprise d'interpr\u00e9tariat simultan\u00e9 \u00e0 madrid - Ev\u00e8nementiel et r\u00e9unions","isPartOf":{"@id":"https:\/\/josesandin.com\/fr\/#website"},"primaryImageOfPage":{"@id":"https:\/\/josesandin.com\/fr\/contact-fr\/#primaryimage"},"image":{"@id":"https:\/\/josesandin.com\/fr\/contact-fr\/#primaryimage"},"thumbnailUrl":"https:\/\/josesandin.com\/wp-content\/plugins\/wpforms-lite\/assets\/images\/submit-spin.svg","datePublished":"2026-04-09T11:48:09+00:00","dateModified":"2026-05-06T12:00:03+00:00","description":"Entreprise d'interpr\u00e9tariat simultan\u00e9 \u00e0 Madrid. Nous sommes interpr\u00e8tes et nous proposons un service complet: interpr\u00e8tes, cabines, et plus.","breadcrumb":{"@id":"https:\/\/josesandin.com\/fr\/contact-fr\/#breadcrumb"},"inLanguage":"fr-FR","potentialAction":[{"@type":"ReadAction","target":["https:\/\/josesandin.com\/fr\/contact-fr\/"]}]},{"@type":"ImageObject","inLanguage":"fr-FR","@id":"https:\/\/josesandin.com\/fr\/contact-fr\/#primaryimage","url":"https:\/\/josesandin.com\/wp-content\/plugins\/wpforms-lite\/assets\/images\/submit-spin.svg","contentUrl":"https:\/\/josesandin.com\/wp-content\/plugins\/wpforms-lite\/assets\/images\/submit-spin.svg"},{"@type":"BreadcrumbList","@id":"https:\/\/josesandin.com\/fr\/contact-fr\/#breadcrumb","itemListElement":[{"@type":"ListItem","position":1,"name":"Portada","item":"https:\/\/josesandin.com\/fr\/"},{"@type":"ListItem","position":2,"name":"Contact"}]},{"@type":"WebSite","@id":"https:\/\/josesandin.com\/fr\/#website","url":"https:\/\/josesandin.com\/fr\/","name":"Empresa de Traducci\u00f3n Simult\u00e1nea en Madrid - Traductores simult\u00e1neos profesionales.","description":"Especializados en traducci\u00f3n simult\u00e1nea en Madrid - Servicio profesional y de calidad, directamente con int\u00e9rpretes, y para todo tipo de eventos. Int\u00e9rpretes simult\u00e1neos de franc\u00e9s, de ingl\u00e9s, y m\u00e1s.","potentialAction":[{"@type":"SearchAction","target":{"@type":"EntryPoint","urlTemplate":"https:\/\/josesandin.com\/fr\/?s={search_term_string}"},"query-input":{"@type":"PropertyValueSpecification","valueRequired":true,"valueName":"search_term_string"}}],"inLanguage":"fr-FR"}]}},"_links":{"self":[{"href":"https:\/\/josesandin.com\/fr\/wp-json\/wp\/v2\/pages\/625","targetHints":{"allow":["GET"]}}],"collection":[{"href":"https:\/\/josesandin.com\/fr\/wp-json\/wp\/v2\/pages"}],"about":[{"href":"https:\/\/josesandin.com\/fr\/wp-json\/wp\/v2\/types\/page"}],"author":[{"embeddable":true,"href":"https:\/\/josesandin.com\/fr\/wp-json\/wp\/v2\/users\/1"}],"replies":[{"embeddable":true,"href":"https:\/\/josesandin.com\/fr\/wp-json\/wp\/v2\/comments?post=625"}],"version-history":[{"count":6,"href":"https:\/\/josesandin.com\/fr\/wp-json\/wp\/v2\/pages\/625\/revisions"}],"predecessor-version":[{"id":1164,"href":"https:\/\/josesandin.com\/fr\/wp-json\/wp\/v2\/pages\/625\/revisions\/1164"}],"wp:attachment":[{"href":"https:\/\/josesandin.com\/fr\/wp-json\/wp\/v2\/media?parent=625"}],"curies":[{"name":"wp","href":"https:\/\/api.w.org\/{rel}","templated":true}]}}