{"id":503,"date":"2026-04-09T09:53:17","date_gmt":"2026-04-09T09:53:17","guid":{"rendered":"https:\/\/josesandin.com\/videos\/"},"modified":"2026-05-06T11:45:29","modified_gmt":"2026-05-06T11:45:29","slug":"videos-en","status":"publish","type":"page","link":"https:\/\/josesandin.com\/en\/videos-en\/","title":{"rendered":"Videos"},"content":{"rendered":"\t\t<div data-elementor-type=\"wp-page\" data-elementor-id=\"503\" class=\"elementor elementor-503 elementor-290\" data-elementor-post-type=\"page\">\n\t\t\t\t<div class=\"elementor-element elementor-element-2618ab9 e-flex e-con-boxed e-con e-parent\" data-id=\"2618ab9\" data-element_type=\"container\" data-e-type=\"container\" data-settings=\"{&quot;background_background&quot;:&quot;classic&quot;}\">\n\t\t\t\t\t<div class=\"e-con-inner\">\n\t\t\t\t<div class=\"elementor-element elementor-element-7527472 elementor-widget elementor-widget-heading\" data-id=\"7527472\" data-element_type=\"widget\" data-e-type=\"widget\" data-widget_type=\"heading.default\">\n\t\t\t\t\t<h2 class=\"elementor-heading-title elementor-size-default\">Videos<\/h2>\t\t\t\t<\/div>\n\t\t\t\t\t<\/div>\n\t\t\t\t<\/div>\n\t\t<div class=\"elementor-element elementor-element-7db2d2b e-flex e-con-boxed e-con e-parent\" data-id=\"7db2d2b\" data-element_type=\"container\" data-e-type=\"container\">\n\t\t\t\t\t<div class=\"e-con-inner\">\n\t\t\t\t<div class=\"elementor-element elementor-element-fe8b84b elementor-widget elementor-widget-heading\" data-id=\"fe8b84b\" data-element_type=\"widget\" data-e-type=\"widget\" data-widget_type=\"heading.default\">\n\t\t\t\t\t<h2 class=\"elementor-heading-title elementor-size-default\">Videos of simultaneous translators live on TV<\/h2>\t\t\t\t<\/div>\n\t\t\t\t<div class=\"elementor-element elementor-element-2e1970f elementor-widget elementor-widget-text-editor\" data-id=\"2e1970f\" data-element_type=\"widget\" data-e-type=\"widget\" data-widget_type=\"text-editor.default\">\n\t\t\t\t\t\t\t\t\t<p>In this section, we invite you to assess our work through several videos of simultaneous translators performing live on TV sets. Live simultaneous interpreting on TV generally involves a high level of stress, as millions of potential viewers could be hearing our output. <\/p><p>Some jobs cannot be recorded due to intellectual property reasons, such as the debates live on TV for the French presidential elections in 2012 and 2017. Nonetheless, these videos cover the span of 3 French presidents (Sarkozy, Hollande and Macron), which shows how extensive our experience on TV is. <\/p><p><em>*The video of the ex-president Fran\u00e7ois Hollande has a certain lag between the images and the sound, due to technical issues coming from the Spanish channel Canal 24 horas studios.<\/em><\/p>\t\t\t\t\t\t\t\t<\/div>\n\t\t<div class=\"elementor-element elementor-element-c2a19c6 e-con-full e-flex e-con e-child\" data-id=\"c2a19c6\" data-element_type=\"container\" data-e-type=\"container\">\n\t\t<div class=\"elementor-element elementor-element-a0644fb e-con-full e-flex e-con e-child\" data-id=\"a0644fb\" data-element_type=\"container\" data-e-type=\"container\">\n\t\t\t\t<div class=\"elementor-element elementor-element-4896bfc elementor-widget elementor-widget-video\" data-id=\"4896bfc\" data-element_type=\"widget\" data-e-type=\"widget\" data-settings=\"{&quot;youtube_url&quot;:&quot;https:\\\/\\\/www.youtube.com\\\/watch?v=qT351Nsaya0&quot;,&quot;video_type&quot;:&quot;youtube&quot;,&quot;controls&quot;:&quot;yes&quot;}\" data-widget_type=\"video.default\">\n\t\t\t\t\t\t\t<div class=\"elementor-wrapper elementor-open-inline\">\n\t\t\t<div class=\"elementor-video\"><\/div>\t\t<\/div>\n\t\t\t\t\t\t<\/div>\n\t\t\t\t<\/div>\n\t\t<div class=\"elementor-element elementor-element-ce9f9a1 e-con-full e-flex e-con e-child\" data-id=\"ce9f9a1\" data-element_type=\"container\" data-e-type=\"container\">\n\t\t\t\t<div class=\"elementor-element elementor-element-0f2b258 elementor-widget elementor-widget-video\" data-id=\"0f2b258\" data-element_type=\"widget\" data-e-type=\"widget\" data-settings=\"{&quot;youtube_url&quot;:&quot;https:\\\/\\\/www.youtube.com\\\/watch?v=wrxsqK0xwEU&quot;,&quot;video_type&quot;:&quot;youtube&quot;,&quot;controls&quot;:&quot;yes&quot;}\" data-widget_type=\"video.default\">\n\t\t\t\t\t\t\t<div class=\"elementor-wrapper elementor-open-inline\">\n\t\t\t<div class=\"elementor-video\"><\/div>\t\t<\/div>\n\t\t\t\t\t\t<\/div>\n\t\t\t\t<\/div>\n\t\t\t\t<\/div>\n\t\t<div class=\"elementor-element elementor-element-a48060a e-con-full e-flex e-con e-child\" data-id=\"a48060a\" data-element_type=\"container\" data-e-type=\"container\">\n\t\t<div class=\"elementor-element elementor-element-fe913bf e-con-full e-flex e-con e-child\" data-id=\"fe913bf\" data-element_type=\"container\" data-e-type=\"container\">\n\t\t\t\t<div class=\"elementor-element elementor-element-3f3cce3 elementor-widget elementor-widget-video\" data-id=\"3f3cce3\" data-element_type=\"widget\" data-e-type=\"widget\" data-settings=\"{&quot;youtube_url&quot;:&quot;https:\\\/\\\/www.youtube.com\\\/watch?v=sImngbLWBO8&quot;,&quot;video_type&quot;:&quot;youtube&quot;,&quot;controls&quot;:&quot;yes&quot;}\" data-widget_type=\"video.default\">\n\t\t\t\t\t\t\t<div class=\"elementor-wrapper elementor-open-inline\">\n\t\t\t<div class=\"elementor-video\"><\/div>\t\t<\/div>\n\t\t\t\t\t\t<\/div>\n\t\t\t\t<\/div>\n\t\t<div class=\"elementor-element elementor-element-b788ef0 e-con-full e-flex e-con e-child\" data-id=\"b788ef0\" data-element_type=\"container\" data-e-type=\"container\">\n\t\t\t\t<div class=\"elementor-element elementor-element-805c4c1 elementor-widget elementor-widget-video\" data-id=\"805c4c1\" data-element_type=\"widget\" data-e-type=\"widget\" data-settings=\"{&quot;youtube_url&quot;:&quot;https:\\\/\\\/www.youtube.com\\\/watch?v=pu89BP9MNK0&quot;,&quot;video_type&quot;:&quot;youtube&quot;,&quot;controls&quot;:&quot;yes&quot;}\" data-widget_type=\"video.default\">\n\t\t\t\t\t\t\t<div class=\"elementor-wrapper elementor-open-inline\">\n\t\t\t<div class=\"elementor-video\"><\/div>\t\t<\/div>\n\t\t\t\t\t\t<\/div>\n\t\t\t\t<\/div>\n\t\t\t\t<\/div>\n\t\t\t\t\t<\/div>\n\t\t\t\t<\/div>\n\t\t\t\t<\/div>\n\t\t","protected":false},"excerpt":{"rendered":"<p>Videos of simultaneous translators live on TV In this section, we invite you to assess our work through several videos of simultaneous translators performing live on TV sets. Live simultaneous interpreting on TV generally involves a high level of stress, as millions of potential viewers could be hearing our output. Some jobs cannot be recorded [&hellip;]<\/p>\n","protected":false},"author":1,"featured_media":0,"parent":0,"menu_order":0,"comment_status":"closed","ping_status":"closed","template":"","meta":{"_acf_changed":false,"footnotes":""},"class_list":["post-503","page","type-page","status-publish","hentry"],"acf":[],"yoast_head":"<!-- This site is optimized with the Yoast SEO plugin v27.6 - https:\/\/yoast.com\/product\/yoast-seo-wordpress\/ -->\n<title>V\u00eddeos de traductores simult\u00e1neos - Directos en TV<\/title>\n<meta name=\"description\" content=\"Videos of simultaneous translators. Sample of simultaneous interpreting live on TV. Professional interpreters in Madrid: English, French and more.\" \/>\n<meta name=\"robots\" content=\"index, follow, max-snippet:-1, max-image-preview:large, max-video-preview:-1\" \/>\n<link rel=\"canonical\" href=\"https:\/\/josesandin.com\/en\/videos-en\/\" \/>\n<meta property=\"og:locale\" content=\"en_US\" \/>\n<meta property=\"og:type\" content=\"article\" \/>\n<meta property=\"og:title\" content=\"V\u00eddeos de traductores simult\u00e1neos - Directos en TV\" \/>\n<meta property=\"og:description\" content=\"Videos of simultaneous translators. Sample of simultaneous interpreting live on TV. Professional interpreters in Madrid: English, French and more.\" \/>\n<meta property=\"og:url\" content=\"https:\/\/josesandin.com\/en\/videos-en\/\" \/>\n<meta property=\"og:site_name\" content=\"Empresa de Traducci\u00f3n Simult\u00e1nea en Madrid - Traductores simult\u00e1neos profesionales.\" \/>\n<meta property=\"article:modified_time\" content=\"2026-05-06T11:45:29+00:00\" \/>\n<meta name=\"twitter:card\" content=\"summary_large_image\" \/>\n<meta name=\"twitter:label1\" content=\"Est. reading time\" \/>\n\t<meta name=\"twitter:data1\" content=\"1 minute\" \/>\n<script type=\"application\/ld+json\" class=\"yoast-schema-graph\">{\"@context\":\"https:\\\/\\\/schema.org\",\"@graph\":[{\"@type\":\"WebPage\",\"@id\":\"https:\\\/\\\/josesandin.com\\\/en\\\/videos-en\\\/\",\"url\":\"https:\\\/\\\/josesandin.com\\\/en\\\/videos-en\\\/\",\"name\":\"V\u00eddeos de traductores simult\u00e1neos - Directos en TV\",\"isPartOf\":{\"@id\":\"https:\\\/\\\/josesandin.com\\\/en\\\/#website\"},\"datePublished\":\"2026-04-09T09:53:17+00:00\",\"dateModified\":\"2026-05-06T11:45:29+00:00\",\"description\":\"Videos of simultaneous translators. Sample of simultaneous interpreting live on TV. Professional interpreters in Madrid: English, French and more.\",\"breadcrumb\":{\"@id\":\"https:\\\/\\\/josesandin.com\\\/en\\\/videos-en\\\/#breadcrumb\"},\"inLanguage\":\"en-US\",\"potentialAction\":[{\"@type\":\"ReadAction\",\"target\":[\"https:\\\/\\\/josesandin.com\\\/en\\\/videos-en\\\/\"]}]},{\"@type\":\"BreadcrumbList\",\"@id\":\"https:\\\/\\\/josesandin.com\\\/en\\\/videos-en\\\/#breadcrumb\",\"itemListElement\":[{\"@type\":\"ListItem\",\"position\":1,\"name\":\"Portada\",\"item\":\"https:\\\/\\\/josesandin.com\\\/en\\\/\"},{\"@type\":\"ListItem\",\"position\":2,\"name\":\"Videos\"}]},{\"@type\":\"WebSite\",\"@id\":\"https:\\\/\\\/josesandin.com\\\/en\\\/#website\",\"url\":\"https:\\\/\\\/josesandin.com\\\/en\\\/\",\"name\":\"Empresa de Traducci\u00f3n Simult\u00e1nea en Madrid - Traductores simult\u00e1neos profesionales.\",\"description\":\"Especializados en traducci\u00f3n simult\u00e1nea en Madrid - Servicio profesional y de calidad, directamente con int\u00e9rpretes, y para todo tipo de eventos. Int\u00e9rpretes simult\u00e1neos de franc\u00e9s, de ingl\u00e9s, y m\u00e1s.\",\"potentialAction\":[{\"@type\":\"SearchAction\",\"target\":{\"@type\":\"EntryPoint\",\"urlTemplate\":\"https:\\\/\\\/josesandin.com\\\/en\\\/?s={search_term_string}\"},\"query-input\":{\"@type\":\"PropertyValueSpecification\",\"valueRequired\":true,\"valueName\":\"search_term_string\"}}],\"inLanguage\":\"en-US\"}]}<\/script>\n<!-- \/ Yoast SEO plugin. -->","yoast_head_json":{"title":"V\u00eddeos de traductores simult\u00e1neos - Directos en TV","description":"Videos of simultaneous translators. Sample of simultaneous interpreting live on TV. Professional interpreters in Madrid: English, French and more.","robots":{"index":"index","follow":"follow","max-snippet":"max-snippet:-1","max-image-preview":"max-image-preview:large","max-video-preview":"max-video-preview:-1"},"canonical":"https:\/\/josesandin.com\/en\/videos-en\/","og_locale":"en_US","og_type":"article","og_title":"V\u00eddeos de traductores simult\u00e1neos - Directos en TV","og_description":"Videos of simultaneous translators. Sample of simultaneous interpreting live on TV. Professional interpreters in Madrid: English, French and more.","og_url":"https:\/\/josesandin.com\/en\/videos-en\/","og_site_name":"Empresa de Traducci\u00f3n Simult\u00e1nea en Madrid - Traductores simult\u00e1neos profesionales.","article_modified_time":"2026-05-06T11:45:29+00:00","twitter_card":"summary_large_image","twitter_misc":{"Est. reading time":"1 minute"},"schema":{"@context":"https:\/\/schema.org","@graph":[{"@type":"WebPage","@id":"https:\/\/josesandin.com\/en\/videos-en\/","url":"https:\/\/josesandin.com\/en\/videos-en\/","name":"V\u00eddeos de traductores simult\u00e1neos - Directos en TV","isPartOf":{"@id":"https:\/\/josesandin.com\/en\/#website"},"datePublished":"2026-04-09T09:53:17+00:00","dateModified":"2026-05-06T11:45:29+00:00","description":"Videos of simultaneous translators. Sample of simultaneous interpreting live on TV. Professional interpreters in Madrid: English, French and more.","breadcrumb":{"@id":"https:\/\/josesandin.com\/en\/videos-en\/#breadcrumb"},"inLanguage":"en-US","potentialAction":[{"@type":"ReadAction","target":["https:\/\/josesandin.com\/en\/videos-en\/"]}]},{"@type":"BreadcrumbList","@id":"https:\/\/josesandin.com\/en\/videos-en\/#breadcrumb","itemListElement":[{"@type":"ListItem","position":1,"name":"Portada","item":"https:\/\/josesandin.com\/en\/"},{"@type":"ListItem","position":2,"name":"Videos"}]},{"@type":"WebSite","@id":"https:\/\/josesandin.com\/en\/#website","url":"https:\/\/josesandin.com\/en\/","name":"Empresa de Traducci\u00f3n Simult\u00e1nea en Madrid - Traductores simult\u00e1neos profesionales.","description":"Especializados en traducci\u00f3n simult\u00e1nea en Madrid - Servicio profesional y de calidad, directamente con int\u00e9rpretes, y para todo tipo de eventos. Int\u00e9rpretes simult\u00e1neos de franc\u00e9s, de ingl\u00e9s, y m\u00e1s.","potentialAction":[{"@type":"SearchAction","target":{"@type":"EntryPoint","urlTemplate":"https:\/\/josesandin.com\/en\/?s={search_term_string}"},"query-input":{"@type":"PropertyValueSpecification","valueRequired":true,"valueName":"search_term_string"}}],"inLanguage":"en-US"}]}},"_links":{"self":[{"href":"https:\/\/josesandin.com\/en\/wp-json\/wp\/v2\/pages\/503","targetHints":{"allow":["GET"]}}],"collection":[{"href":"https:\/\/josesandin.com\/en\/wp-json\/wp\/v2\/pages"}],"about":[{"href":"https:\/\/josesandin.com\/en\/wp-json\/wp\/v2\/types\/page"}],"author":[{"embeddable":true,"href":"https:\/\/josesandin.com\/en\/wp-json\/wp\/v2\/users\/1"}],"replies":[{"embeddable":true,"href":"https:\/\/josesandin.com\/en\/wp-json\/wp\/v2\/comments?post=503"}],"version-history":[{"count":9,"href":"https:\/\/josesandin.com\/en\/wp-json\/wp\/v2\/pages\/503\/revisions"}],"predecessor-version":[{"id":1140,"href":"https:\/\/josesandin.com\/en\/wp-json\/wp\/v2\/pages\/503\/revisions\/1140"}],"wp:attachment":[{"href":"https:\/\/josesandin.com\/en\/wp-json\/wp\/v2\/media?parent=503"}],"curies":[{"name":"wp","href":"https:\/\/api.w.org\/{rel}","templated":true}]}}